{"id":979,"date":"2016-12-23T13:18:24","date_gmt":"2016-12-23T12:18:24","guid":{"rendered":"http:\/\/lgd.com.pl\/?page_id=979"},"modified":"2020-11-25T13:26:51","modified_gmt":"2020-11-25T12:26:51","slug":"sprawozdania","status":"publish","type":"page","link":"https:\/\/lgd.com.pl\/archiwum24\/sprawozdania\/","title":{"rendered":"Sprawozdania"},"content":{"rendered":"\n<p>Szanowni Pa\u0144stwo,<\/p>\n\n\n\n<p>przypominamy, \u017ce po z\u0142o\u017ceniu i pozytywnej weryfikacji Wniosku o p\u0142atno\u015b\u0107 w Samorz\u0105dzie Wojew\u00f3dztwa, ka\u017cdy wnioskodawca ma obowi\u0105zek z\u0142o\u017cy\u0107 do LGD ankiet\u0119, b\u0119d\u0105c\u0105 sprawozdaniem podsumowuj\u0105cym zrealizowany wniosek\/operacj\u0119.<\/p>\n\n\n\n<p>Ankiet\u0119 wnioskodawca sk\u0142ada najp\u00f3\u017aniej do 3 miesi\u0119cy od daty otrzymania \u015brodk\u00f3w finansowych na swoje konto i potwierdza w nim m.in.:<\/p>\n\n\n\n<p>\u2013 wysoko\u015b\u0107 otrzymanego ostatecznie wsparcia,<\/p>\n\n\n\n<p>\u2013 warto\u015bci wska\u017anik\u00f3w jakie uda\u0142o si\u0119 zrealizowa\u0107 w ramach projektu (wska\u017anik produktu i rezultatu).<\/p>\n\n\n\n<p>Dla wska\u017anik\u00f3w rezultatu mierzonych w d\u0142u\u017cszych okresach (np. w ci\u0105gu roku od zako\u0144czenia operacji) ankiet\u0119 aktualizuj\u0105c\u0105 sk\u0142ada si\u0119 w ci\u0105gu 1 miesi\u0105ca po up\u0142ywie wskazanego okresu.<\/p>\n\n\n\n<p>Dane z ankiety s\u0142u\u017c\u0105 do monitorowania post\u0119p\u00f3w we wdra\u017caniu LSR.<\/p>\n\n\n\n<div class=\"wp-block-file\"><a href=\"https:\/\/lgd.com.pl\/archiwum24\/wp-content\/uploads\/2019\/07\/19_WZOR_ankieta_monitorujaca.docx\" target=\"_blank\" rel=\"noreferrer noopener\"><br>ANKIETA MONITORUJ\u0104CA<\/a><a href=\"https:\/\/lgd.com.pl\/archiwum24\/wp-content\/uploads\/2019\/07\/19_WZOR_ankieta_monitorujaca.docx\" class=\"wp-block-file__button\" download>Pobierz<\/a><\/div>\n\n\n\n<div class=\"wp-block-file\"><a href=\"https:\/\/lgd.com.pl\/archiwum24\/wp-content\/uploads\/2020\/11\/RAPORT-MONITORUJ\u0104CY-za-2019-rok.pdf\" target=\"_blank\" rel=\"noreferrer noopener\">RAPORT MONITORUJ\u0104CY za 2019 rok<\/a><a href=\"https:\/\/lgd.com.pl\/archiwum24\/wp-content\/uploads\/2020\/11\/RAPORT-MONITORUJ\u0104CY-za-2019-rok.pdf\" class=\"wp-block-file__button\" download>Pobierz<\/a><\/div>\n\n\n\n<div class=\"wp-block-file\"><a href=\"https:\/\/lgd.com.pl\/archiwum24\/wp-content\/uploads\/2020\/11\/RAPORT-MONITORUJ\u0104CY-za-2018-rok.pdf\" target=\"_blank\" rel=\"noreferrer noopener\">RAPORT MONITORUJ\u0104CY za 2018 rok<\/a><a href=\"https:\/\/lgd.com.pl\/archiwum24\/wp-content\/uploads\/2020\/11\/RAPORT-MONITORUJ\u0104CY-za-2018-rok.pdf\" class=\"wp-block-file__button\" download>Pobierz<\/a><\/div>\n\n\n\n<div class=\"wp-block-file\"><a href=\"https:\/\/lgd.com.pl\/archiwum24\/wp-content\/uploads\/2020\/11\/RAPORT-MONITORUJ\u0104CY-za-2017-rok.pdf\" target=\"_blank\" rel=\"noreferrer noopener\">RAPORT MONITORUJ\u0104CY za 2017 rok<\/a><a href=\"https:\/\/lgd.com.pl\/archiwum24\/wp-content\/uploads\/2020\/11\/RAPORT-MONITORUJ\u0104CY-za-2017-rok.pdf\" class=\"wp-block-file__button\" download>Pobierz<\/a><\/div>\n\n\n\n<div class=\"wp-block-file\"><a href=\"https:\/\/lgd.com.pl\/archiwum24\/wp-content\/uploads\/2020\/11\/RAPORT-MONITORUJ\u0104CY-za-2016-rok.pdf\" target=\"_blank\" rel=\"noreferrer noopener\">Raport z monitoringu za 2016 rok<\/a><a href=\"https:\/\/lgd.com.pl\/archiwum24\/wp-content\/uploads\/2020\/11\/RAPORT-MONITORUJ\u0104CY-za-2016-rok.pdf\" class=\"wp-block-file__button\" download>Pobierz<\/a><\/div>\n\n\n\n<p><\/p>\n","protected":false},"excerpt":{"rendered":"<p>Szanowni Pa\u0144stwo, przypominamy, \u017ce po z\u0142o\u017ceniu i pozytywnej weryfikacji Wniosku o p\u0142atno\u015b\u0107 w Samorz\u0105dzie Wojew\u00f3dztwa, ka\u017cdy wnioskodawca ma obowi\u0105zek z\u0142o\u017cy\u0107 do LGD ankiet\u0119, b\u0119d\u0105c\u0105 sprawozdaniem podsumowuj\u0105cym zrealizowany wniosek\/operacj\u0119. Ankiet\u0119 wnioskodawca sk\u0142ada najp\u00f3\u017aniej do 3 miesi\u0119cy od daty otrzymania \u015brodk\u00f3w finansowych na swoje konto i potwierdza w nim m.in.: \u2013 wysoko\u015b\u0107 otrzymanego ostatecznie wsparcia, \u2013 warto\u015bci [&hellip;]<\/p>\n","protected":false},"author":1,"featured_media":0,"parent":0,"menu_order":0,"comment_status":"closed","ping_status":"closed","template":"","meta":{"footnotes":""},"_links":{"self":[{"href":"https:\/\/lgd.com.pl\/archiwum24\/wp-json\/wp\/v2\/pages\/979"}],"collection":[{"href":"https:\/\/lgd.com.pl\/archiwum24\/wp-json\/wp\/v2\/pages"}],"about":[{"href":"https:\/\/lgd.com.pl\/archiwum24\/wp-json\/wp\/v2\/types\/page"}],"author":[{"embeddable":true,"href":"https:\/\/lgd.com.pl\/archiwum24\/wp-json\/wp\/v2\/users\/1"}],"replies":[{"embeddable":true,"href":"https:\/\/lgd.com.pl\/archiwum24\/wp-json\/wp\/v2\/comments?post=979"}],"version-history":[{"count":4,"href":"https:\/\/lgd.com.pl\/archiwum24\/wp-json\/wp\/v2\/pages\/979\/revisions"}],"predecessor-version":[{"id":4138,"href":"https:\/\/lgd.com.pl\/archiwum24\/wp-json\/wp\/v2\/pages\/979\/revisions\/4138"}],"wp:attachment":[{"href":"https:\/\/lgd.com.pl\/archiwum24\/wp-json\/wp\/v2\/media?parent=979"}],"curies":[{"name":"wp","href":"https:\/\/api.w.org\/{rel}","templated":true}]}}