{"id":806,"date":"2016-09-30T01:45:38","date_gmt":"2016-09-29T23:45:38","guid":{"rendered":"http:\/\/lgd.com.pl\/?page_id=806"},"modified":"2024-02-09T11:09:35","modified_gmt":"2024-02-09T10:09:35","slug":"czlonkowie","status":"publish","type":"page","link":"https:\/\/lgd.com.pl\/archiwum24\/czlonkowie\/","title":{"rendered":"Cz\u0142onkowie"},"content":{"rendered":"<p style=\"text-align: center;\"><span style=\"color: #339966;\"><strong><u>Cz\u0142onkowie Lokalnej Grupy Dzia\u0142ania &#8220;Razem dla Powiatu Radziejowskiego&#8221;:<\/u><\/strong><\/span><\/p>\n<p style=\"text-align: center;\"><span style=\"background-color: #339966;\">Sektor spo\u0142eczny:<br \/>\n<strong>mieszka\u0144cy:<\/strong><\/span><\/p>\n<ol>\n<li>Brochocka Arleta<\/li>\n<li>Betkier Pawe\u0142 (sekretarz Gminy Byto\u0144)<\/li>\n<li>Estkowski \u0141ukasz<\/li>\n<li>Fejt Zdzis\u0142aw<\/li>\n<li>Gapi\u0144ski Henryk (Radny Gminy Dobre)<\/li>\n<li>Hernacki Marcin<\/li>\n<li>Korzeniewski Marcin<\/li>\n<li>Kostrzewski Ryszard<\/li>\n<li>Kotarski Wojciech<\/li>\n<li>Koz\u0142owska Edyta<\/li>\n<li>Krypska Katarzyna<\/li>\n<li>Kubiak W\u0142odzimierz (Radny Miasta I gminy Piotrk\u00f3w Kujawski)<\/li>\n<li>Macio\u0142ek Monika<\/li>\n<li>Palicka Urszula<\/li>\n<li>Patyk Ewelina<\/li>\n<li>Polak El\u017cbieta<\/li>\n<li>Ros\u00f3\u0142 Urszula<\/li>\n<li>Roszak Wojciech<\/li>\n<li>Staniszewski S\u0142awomir<\/li>\n<li>Staszak Krzysztof (Sekretarz Gminy Dobre)<\/li>\n<li><span style=\"background-color: #999999;\">Szuszman Marek (W\u00f3jt Gminy Radziej\u00f3w)<\/span><\/li>\n<li>\u015awi\u0105tczak Kazimierz<\/li>\n<li>Waszak Jerzy<\/li>\n<li>Wi\u015bniewska Teresa<\/li>\n<li>Wojtysiak Stanis\u0142aw (Radny Gminy Top\u00f3lka)<\/li>\n<li>Zawidzka Agnieszka<\/li>\n<li>Zawidzki Marcin (Radny Gminy Osi\u0119ciny)<\/li>\n<\/ol>\n<p style=\"text-align: center;\"><strong><span style=\"color: #000000; background-color: #339966;\"><span style=\"text-decoration: underline;\"><u>Organizacje pozarz\u0105dowe<\/u><\/span> <\/span><\/strong><\/p>\n<p><strong>1. Towarzystwo Mi\u0142o\u015bnik\u00f3w Kujaw w Radziejowie<\/strong><br \/>\nreprezentant: Halina Paczkowska<\/p>\n<p><strong>2. Zarz\u0105d Rejonowy PCK w Radziejowie<\/strong><br \/>\nreprezentant: Alina Krupi\u0144ska<\/p>\n<p><strong>3. Stowarzyszenie Kulturalne Gminy Osi\u0119ciny<\/strong><br \/>\nreprezentant: Bogdan Karpi\u0144ski<\/p>\n<p><strong>4. Zarz\u0105d Powiatowy Zwi\u0105zku Ochotniczych Stra\u017cy Po\u017carnych RP w Radziejowie<\/strong><br \/>\nreprezentant: Roman Szczerbiak<\/p>\n<p><strong>5. Stowarzyszenie Rozwoju Miasta i Gminy Piotrk\u00f3w Kujawski<\/strong><br \/>\nreprezentant: Wanda Wiatrowska<\/p>\n<p><strong>6. Stowarzyszenie Rozwoju Powiatu Radziejowskiego<\/strong><br \/>\nreprezentant: Alicja G\u00f3rczy\u0144ska<\/p>\n<p><strong>7. Powiatowa Rada K\u00f3\u0142 Gospody\u0144 Wiejskich<\/strong><br \/>\nreprezentant: Anna Patyk<\/p>\n<p><strong>8. Stowarzyszenie Emeryt\u00f3w i Rencist\u00f3w Policyjnych<\/strong><br \/>\nreprezentant: Jan Jaworski<\/p>\n<p><strong>9. Stowarzyszenie na rzecz rozwoju Gminy Dobre &#8220;Promyk Nadziei&#8221;<\/strong><br \/>\nreprezentant: Wies\u0142awa Morawska<\/p>\n<p style=\"margin: 0cm; margin-bottom: .0001pt;\"><strong>10. Ochotnicza Stra\u017c Po\u017carna w Orlu<\/strong><\/p>\n<p style=\"margin: 0cm; margin-bottom: .0001pt;\">reprezentant: Jan Wajer<\/p>\n<p><strong>11. Stowarzyszenie Na Rzecz Integracji &#8220;RAZEM&#8221;<br \/>\n<\/strong>reprezentant: Celina G\u0142owacka<strong><br \/>\n12. Ko\u0142o Gospody\u0144 Wiejskich w Opatowicach<br \/>\n<\/strong> reprezentant: Renata Rutkowska<\/p>\n<p><strong>13. Klub Seniora w Skibinie<br \/>\n<\/strong>reprezentant: Gra\u017cyna Zdobych<\/p>\n<p><strong>14. Stowarzyszenie Ko\u0142o Gospody\u0144 Wiejskich &#8220;Bronis\u0142awianki&#8221;<\/strong><br \/>\nreprezentant: Jadwiga Patyk<\/p>\n<p><strong>15. Stowarzyszenie Dzia\u0142aMY<br \/>\n<\/strong>reprezentant: Dorota Lewandowska<strong><br \/>\n<\/strong><\/p>\n<p style=\"padding-left: 30px; text-align: center;\"><span style=\"color: #339966;\"><strong><span style=\"text-decoration: underline;\"><u><span style=\"color: #000000; text-decoration: underline; background-color: #ffff00;\">Sektor gospodarczy<\/span><br \/>\n<\/u><\/span><\/strong><\/span><\/p>\n<p><strong>1. P.W &#8220;MEGA &#8211; KART 2&#8221;<\/strong><br \/>\nreprezentant: Jaros\u0142aw Konwent<br \/>\n<strong>2. MECHANIKA POJAZDOWA, AUTOHOLOWANIE, ROBOTY BUDOWLANE<\/strong><br \/>\nreprezentant: Jan Go\u0142dyn<br \/>\n<strong>3. Przedsi\u0119biorstwo &#8211; Handlowo- Us\u0142ugowe &#8220;ANNA&#8221; &#8211; Anna P\u0142acheci\u0144ska<\/strong><br \/>\nreprezentant: Andrzej Drzewiecki<br \/>\n<strong>4. MAREK GAWRO\u0143SKI ZAK\u0141AD MECHANIKI POJAZDOWEJ<\/strong><br \/>\nreprezentant: Marek Gawro\u0144ski<\/p>\n<p><strong>5. Akademia Wokalu Katarzyna Olszta &#8211; Zieli\u0144ska<br \/>\n<\/strong>reprezentant: Katarzyna Olszta &#8211; Zieli\u0144ska<strong><br \/>\n<\/strong><\/p>\n<p><strong>6. AR-CAR Arkadiusz Racinowski<br \/>\n<\/strong>reprezentant: Monika Racinowska<\/p>\n<p><strong>7. TRANS STUD Pawe\u0142 Studzi\u0144ski<br \/>\n<\/strong>reprezentant: Pawe\u0142 Studzi\u0144ski<\/p>\n<p><strong>8. Kurkiewicz Zbigniew &#8211; Gospodarstwo Rolne<br \/>\n<\/strong>reprezentant: Zbigniew Kurkiewicz<\/p>\n<p><strong>9. Anag-Pol Agnieszka Fikert-Bu\u0142o<\/strong><br \/>\nreprezentant: Agnieszka Fikert-Bu\u0142o<\/p>\n<p style=\"text-align: center;\"><span style=\"background-color: #21a7c2;\"><strong>Sektor publiczny<\/strong><\/span><\/p>\n<p><span style=\"color: #000000;\"><strong><span style=\"text-decoration: underline;\"><u>Jednostki samorz\u0105du terytorialnego<\/u><\/span><\/strong><\/span><span style=\"color: #339966;\"><strong><span style=\"text-decoration: underline;\"><u><br \/>\n<\/u><\/span><\/strong><\/span><\/p>\n<p><strong>1. Gmina Byto\u0144<\/strong><br \/>\nreprezentant: Artur Ruci\u0144ski \u2013 W\u00f3jt Gminy Byto\u0144<br \/>\n<strong>2. Gmina Dobre<\/strong><br \/>\nreprezentant: Stefan \u015apibida &#8211; W\u00f3jt Gminy Dobre<br \/>\n<strong>3. Miasto i Gmina Piotrk\u00f3w Kujawski<\/strong><br \/>\nreprezentant: S\u0142awomir Bogucki \u2013 Burmistrz Miasta i Gminy Piotrk\u00f3w Kujawski<br \/>\n<strong>4. Gmina Osi\u0119ciny <\/strong><br \/>\nreprezentant: Jerzy Izydorski &#8211; W\u00f3jt Gminy Osi\u0119ciny<br \/>\n<strong>5. Gmina Radziej\u00f3w<\/strong><br \/>\nreprezentant: Marian Bandyszewski &#8211; reprezentant Gminy Radziej\u00f3w<br \/>\n<strong>6. Gmina Miasto Radziej\u00f3w<\/strong><br \/>\nreprezentant: S\u0142awomir Bykowski &#8211; Burmistrz Gminy Miasta Radziej\u00f3w<br \/>\n<strong>7. Gmina Top\u00f3lka<\/strong><br \/>\nreprezentant: Konrad Lewandowski &#8211; W\u00f3jt Gminy Top\u00f3lka<br \/>\n<strong>8. Starostwo Powiatowe w Radziejowie <\/strong><br \/>\nreprezentant: Jaros\u0142aw Ko\u0142tuniak &#8211; Starosta Radziejowski<\/p>\n","protected":false},"excerpt":{"rendered":"<p>Cz\u0142onkowie Lokalnej Grupy Dzia\u0142ania &#8220;Razem dla Powiatu Radziejowskiego&#8221;: Sektor spo\u0142eczny: mieszka\u0144cy: Brochocka Arleta Betkier Pawe\u0142 (sekretarz Gminy Byto\u0144) Estkowski \u0141ukasz Fejt Zdzis\u0142aw Gapi\u0144ski Henryk (Radny Gminy Dobre) Hernacki Marcin Korzeniewski Marcin Kostrzewski Ryszard Kotarski Wojciech Koz\u0142owska Edyta Krypska Katarzyna Kubiak W\u0142odzimierz (Radny Miasta I gminy Piotrk\u00f3w Kujawski) Macio\u0142ek Monika Palicka Urszula Patyk Ewelina Polak El\u017cbieta [&hellip;]<\/p>\n","protected":false},"author":1,"featured_media":0,"parent":0,"menu_order":0,"comment_status":"closed","ping_status":"closed","template":"","meta":{"footnotes":""},"_links":{"self":[{"href":"https:\/\/lgd.com.pl\/archiwum24\/wp-json\/wp\/v2\/pages\/806"}],"collection":[{"href":"https:\/\/lgd.com.pl\/archiwum24\/wp-json\/wp\/v2\/pages"}],"about":[{"href":"https:\/\/lgd.com.pl\/archiwum24\/wp-json\/wp\/v2\/types\/page"}],"author":[{"embeddable":true,"href":"https:\/\/lgd.com.pl\/archiwum24\/wp-json\/wp\/v2\/users\/1"}],"replies":[{"embeddable":true,"href":"https:\/\/lgd.com.pl\/archiwum24\/wp-json\/wp\/v2\/comments?post=806"}],"version-history":[{"count":10,"href":"https:\/\/lgd.com.pl\/archiwum24\/wp-json\/wp\/v2\/pages\/806\/revisions"}],"predecessor-version":[{"id":6127,"href":"https:\/\/lgd.com.pl\/archiwum24\/wp-json\/wp\/v2\/pages\/806\/revisions\/6127"}],"wp:attachment":[{"href":"https:\/\/lgd.com.pl\/archiwum24\/wp-json\/wp\/v2\/media?parent=806"}],"curies":[{"name":"wp","href":"https:\/\/api.w.org\/{rel}","templated":true}]}}