{"id":802,"date":"2016-09-30T01:44:00","date_gmt":"2016-09-29T23:44:00","guid":{"rendered":"http:\/\/lgd.com.pl\/?page_id=802"},"modified":"2016-09-30T01:53:35","modified_gmt":"2016-09-29T23:53:35","slug":"walne-zebranie-czlonkow","status":"publish","type":"page","link":"https:\/\/lgd.com.pl\/archiwum24\/walne-zebranie-czlonkow\/","title":{"rendered":"Walne zebranie cz\u0142onk\u00f3w"},"content":{"rendered":"<p><a class=\"jce_file\" title=\"05.11.2008 r.\" href=\"http:\/\/lgd.com.pl\/images\/Walne_Zebranie\/protok_05_11_2008.doc\" target=\"_blank\">05.11.2008 r.<\/a><a class=\"jce_file\" title=\"29.12.2008 r.\" href=\"http:\/\/lgd.com.pl\/images\/stories\/Walne_Zebranie\/Protokol_29_12_2008.doc\" target=\"_blank\"><br \/>\n<\/a><a class=\"jce_file\" title=\"29.12.2008 r.\" href=\"http:\/\/lgd.com.pl\/images\/Walne_Zebranie\/protokol_29_12_2008.doc\" target=\"_blank\"> 29.12.2008 r.<br \/>\n<\/a><a class=\"jce_file\" title=\"16.04.2009 r.\" href=\"http:\/\/lgd.com.pl\/images\/Walne_Zebranie\/protokol_16_04_2009.doc\" target=\"_blank\">16.04.2009 r.<br \/>\n<\/a><a class=\"jce_file\" title=\"30.06.2009 r.\" href=\"http:\/\/lgd.com.pl\/images\/Walne_Zebranie\/protokol_30_06_2009.doc\" target=\"_blank\">30.06.2009 r.<br \/>\n<\/a><a class=\"jce_file\" title=\"23.10.2009 r.\" href=\"http:\/\/lgd.com.pl\/images\/Walne_Zebranie\/protokol_23_10_09.doc\" target=\"_blank\">23.10.2009 r.<br \/>\n<\/a><a class=\"jce_file\" title=\"14.04.2010 r.\" href=\"http:\/\/lgd.com.pl\/images\/Walne_Zebranie\/podsumowanie_walnego_zebrania_14_04_2010.doc\" target=\"_blank\">14.04.2010 r.<br \/>\n<\/a><a class=\"jce_file\" title=\"Sprawozdanie z dzia\u0142alno\u015bci Zarz\u0105du za 2009 rok\" href=\"http:\/\/lgd.com.pl\/images\/Walne_Zebranie\/sprawozdanie_merytoryczne.doc\" target=\"_blank\">Sprawozdanie z dzia\u0142alno\u015bci Zarz\u0105du LGD za 2009 rok<br \/>\n<\/a><a class=\"jce_file\" title=\"17.01.2011 r.\" href=\"http:\/\/lgd.com.pl\/images\/Walne_Zebranie\/podsumowanie_walnego_zebrania_czlonkow_lgd_17_01_2011.doc\" target=\"_blank\">17.01.2011 r.<br \/>\n<\/a><a class=\"jce_file\" title=\"18.03.2011 r.\" href=\"http:\/\/lgd.com.pl\/images\/Walne_Zebranie\/protokol_18_03_2011r.doc\" target=\"_blank\">18.03.2011 r.<\/a><a class=\"jce_file\" title=\"05.05.2011 r.\" href=\"http:\/\/lgd.com.pl\/images\/Walne_Zebranie\/protok_5.05.2011.doc\" target=\"_blank\"><br \/>\n<\/a><a class=\"jce_file\" title=\"05.05.2011 r.\" href=\"http:\/\/lgd.com.pl\/images\/Walne_Zebranie\/protok_5.05.2011.doc\" target=\"_blank\"> 06.05.2011 r.<br \/>\n<\/a><a title=\"Sprawozdania \" href=\"http:\/\/lgd.com.pl\/images\/Walne_Zebranie\/Sprawozdanie2010.pdf\" target=\"_blank\">Sprawozdanie z dzia\u0142alno\u015bci Zarz\u0105du LGD za 2010 rok<br \/>\n<\/a><a class=\"jce_file\" title=\"21.09.2011 r.\" href=\"http:\/\/lgd.com.pl\/images\/Walne_Zebranie\/protok_21.09.2011.doc\">21.09.2011 r.<br \/>\n<\/a><a title=\"Protok\u00f3\u0142\" href=\"http:\/\/lgd.com.pl\/images\/Walne_Zebranie\/Protokol15.11.2011.pdf\" target=\"_blank\">15.11.2011 r.<br \/>\n<\/a><a title=\"Protok\u00f3\u0142\" href=\"http:\/\/lgd.com.pl\/images\/Walne_Zebranie\/Protokol24.01.2012.pdf\" target=\"_blank\">24.01.2012 r.<br \/>\n<\/a><a title=\"Protok\u00f3\u0142\" href=\"http:\/\/lgd.com.pl\/images\/Walne_Zebranie\/Protokol18.05.2012.pdf\" target=\"_blank\">18.05.2012 r.<br \/>\n<\/a><a title=\"Sprawozdanie\" href=\"http:\/\/lgd.com.pl\/images\/Walne_Zebranie\/Sprawozdanie2011.pdf\" target=\"_blank\">Sprawozdanie z dzia\u0142alno\u015bci Zarz\u0105du LGD za 2011 rok<br \/>\n<\/a><a title=\"Protok\u00f3\u0142\" href=\"http:\/\/lgd.com.pl\/images\/Walne_Zebranie\/Protokol12.11.2012.pdf\" target=\"_blank\">12.11.2012 r.<br \/>\n<\/a><a title=\"Protok\u00f3\u0142\" href=\"http:\/\/lgd.com.pl\/images\/Walne_Zebranie\/Protokol15.01.2013.pdf\" target=\"_blank\">15.01.2013 r.<br \/>\n<\/a><a title=\"Protok\u00f3\u0142\" href=\"http:\/\/lgd.com.pl\/images\/Walne_Zebranie\/Protokol25.06.2013.pdf\" target=\"_blank\">25.06.2013 r.<br \/>\n<\/a><a title=\"Sprawozdanie\" href=\"http:\/\/lgd.com.pl\/images\/Walne_Zebranie\/Sprawozdanie2012.pdf\" target=\"_blank\">Sprawozdanie z dzia\u0142alno\u015bci Zarz\u0105du LGD za 2012 rok<br \/>\n<\/a><a title=\"Protokol\" href=\"http:\/\/lgd.com.pl\/images\/Walne_Zebranie\/Protokol25.02.2014.pdf\" target=\"_blank\">25.02.2014 r.<br \/>\n<\/a><a href=\"http:\/\/lgd.com.pl\/images\/Walne_Zebranie\/Protokol28.05.2014.pdf\" target=\"_blank\">28.05.2014 r.<br \/>\n<\/a><a href=\"http:\/\/lgd.com.pl\/images\/Walne_Zebranie\/Sprawozdaniie2013.pdf\" target=\"_blank\">Sprawozdanie z dzia\u0142alno\u015bci Zarz\u0105du LGD za 2013 rok<br \/>\n<\/a><a title=\"Protok\u00f3\u0142 29.04.2015 r.\" href=\"http:\/\/lgd.com.pl\/images\/Walne_Zebranie\/protokol29.04.2015.PDF\" target=\"_blank\" rel=\"alternate\">29.04.2015 r.<br \/>\n<\/a><a href=\"http:\/\/lgd.com.pl\/images\/Walne_Zebranie\/sprawozdanie_za_2014.PDF\" target=\"_blank\" rel=\"alternate\">Sprawozdanie z dzia\u0142alno\u015bci Zarz\u0105du LGD za 2014 rok<br \/>\n<\/a><a href=\"http:\/\/lgd.com.pl\/images\/Walne_Zebranie\/protokol.22.07.2015.PDF\" target=\"_blank\" rel=\"alternate\">22.07.2015 r.<br \/>\n<\/a><a href=\"http:\/\/lgd.com.pl\/images\/Walne_Zebranie\/protokol.23.09.2015.PDF\" target=\"_blank\" rel=\"alternate\">23.09.2015 r.<br \/>\n<\/a><a href=\"http:\/\/lgd.com.pl\/images\/Walne_Zebranie\/protokol.22.12.2015.PDF\" target=\"_blank\" rel=\"alternate\">22.12.2015 r.<\/a><\/p>\n","protected":false},"excerpt":{"rendered":"<p>05.11.2008 r. 29.12.2008 r. 16.04.2009 r. 30.06.2009 r. 23.10.2009 r. 14.04.2010 r. Sprawozdanie z dzia\u0142alno\u015bci Zarz\u0105du LGD za 2009 rok 17.01.2011 r. 18.03.2011 r. 06.05.2011 r. Sprawozdanie z dzia\u0142alno\u015bci Zarz\u0105du LGD za 2010 rok 21.09.2011 r. 15.11.2011 r. 24.01.2012 r. 18.05.2012 r. Sprawozdanie z dzia\u0142alno\u015bci Zarz\u0105du LGD za 2011 rok 12.11.2012 r. 15.01.2013 r. 25.06.2013 [&hellip;]<\/p>\n","protected":false},"author":1,"featured_media":0,"parent":0,"menu_order":0,"comment_status":"closed","ping_status":"closed","template":"","meta":{"footnotes":""},"_links":{"self":[{"href":"https:\/\/lgd.com.pl\/archiwum24\/wp-json\/wp\/v2\/pages\/802"}],"collection":[{"href":"https:\/\/lgd.com.pl\/archiwum24\/wp-json\/wp\/v2\/pages"}],"about":[{"href":"https:\/\/lgd.com.pl\/archiwum24\/wp-json\/wp\/v2\/types\/page"}],"author":[{"embeddable":true,"href":"https:\/\/lgd.com.pl\/archiwum24\/wp-json\/wp\/v2\/users\/1"}],"replies":[{"embeddable":true,"href":"https:\/\/lgd.com.pl\/archiwum24\/wp-json\/wp\/v2\/comments?post=802"}],"version-history":[{"count":3,"href":"https:\/\/lgd.com.pl\/archiwum24\/wp-json\/wp\/v2\/pages\/802\/revisions"}],"predecessor-version":[{"id":814,"href":"https:\/\/lgd.com.pl\/archiwum24\/wp-json\/wp\/v2\/pages\/802\/revisions\/814"}],"wp:attachment":[{"href":"https:\/\/lgd.com.pl\/archiwum24\/wp-json\/wp\/v2\/media?parent=802"}],"curies":[{"name":"wp","href":"https:\/\/api.w.org\/{rel}","templated":true}]}}