{"id":796,"date":"2016-09-30T01:42:17","date_gmt":"2016-09-29T23:42:17","guid":{"rendered":"http:\/\/lgd.com.pl\/?page_id=796"},"modified":"2024-06-18T12:57:53","modified_gmt":"2024-06-18T10:57:53","slug":"zarzad","status":"publish","type":"page","link":"https:\/\/lgd.com.pl\/archiwum24\/zarzad\/","title":{"rendered":"Zarz\u0105d"},"content":{"rendered":"<p><strong>Zarz\u0105d Stowarzyszenia LGD \u201eRazem dla Powiatu Radziejowskiego\u201d <\/strong>wybrany na posiedzeniu Walnego Zebrania Cz\u0142onk\u00f3w w dniu 28 lutego 2024 r.:<strong><br \/><\/strong><\/p>\n<p><strong>1. Stefan \u015apibida \u2013 <\/strong>prezes<strong><br \/>2. Wojciech Kotarski \u2013 <\/strong>wiceprezes<strong><br \/>3. Agnieszka Zawidzka \u2013 <\/strong>sekretarz<strong><br \/>4. Kazimierz \u015awi\u0105tczak \u2013 <\/strong>skarbnik<strong><br \/>5. Joanna Kosi\u0144ska &#8211;<\/strong> cz\u0142onek Zarz\u0105du<strong><br \/>6. El\u017cbieta Polak \u2013 <\/strong>cz\u0142onek Zarz\u0105du<strong><br \/>7. S\u0142awomir Staniszewski &#8211; <\/strong>cz\u0142onek Zarz\u0105du<strong><br \/><\/strong><\/p>\n\n\n<p><strong>Projekty uchwa\u0142 Zarz\u0105du na Walne Zebranie Cz\u0142onk\u00f3w LGD<\/strong><\/p>\n\n\n\n<div class=\"wp-block-file\"><a id=\"wp-block-file--media-cc8fcc6c-95a8-4a46-89b1-530e1904bd92\" href=\"https:\/\/lgd.com.pl\/archiwum24\/wp-content\/uploads\/2024\/05\/uchwala-nr-8wybor-zarzad.doc\">Projekt uchwa\u0142y nr 8 WZC <\/a><a href=\"https:\/\/lgd.com.pl\/archiwum24\/wp-content\/uploads\/2024\/05\/uchwala-nr-8wybor-zarzad.doc\" class=\"wp-block-file__button wp-element-button\" download aria-describedby=\"wp-block-file--media-cc8fcc6c-95a8-4a46-89b1-530e1904bd92\">Pobierz<\/a><\/div>\n\n\n\n<div class=\"wp-block-file\"><a id=\"wp-block-file--media-5ff78087-aa2c-4af0-a24b-783750e42bc8\" href=\"https:\/\/lgd.com.pl\/archiwum24\/wp-content\/uploads\/2024\/05\/uchwala-nr-7.doc\">projekt uchwa\u0142y nr 7 WZC <strong>w sprawie wyboru organu decyzyjnego<\/strong> <\/a><a href=\"https:\/\/lgd.com.pl\/archiwum24\/wp-content\/uploads\/2024\/05\/uchwala-nr-7.doc\" class=\"wp-block-file__button wp-element-button\" download aria-describedby=\"wp-block-file--media-5ff78087-aa2c-4af0-a24b-783750e42bc8\">Pobierz<\/a><\/div>\n\n\n\n<div class=\"wp-block-file\"><a id=\"wp-block-file--media-6d9695c9-fa1a-4def-98c6-8daa01ba3f0d\" href=\"https:\/\/lgd.com.pl\/archiwum24\/wp-content\/uploads\/2024\/05\/uchwala-zmiana-LSR-maj-2024.doc\">Projekt uchwa\u0142y nr 6 WZC &#8211; zmiany w LSR<\/a><a href=\"https:\/\/lgd.com.pl\/archiwum24\/wp-content\/uploads\/2024\/05\/uchwala-zmiana-LSR-maj-2024.doc\" class=\"wp-block-file__button wp-element-button\" download aria-describedby=\"wp-block-file--media-6d9695c9-fa1a-4def-98c6-8daa01ba3f0d\">Pobierz<\/a><\/div>\n\n\n\n<div class=\"wp-block-file\"><a id=\"wp-block-file--media-427e2a73-ba78-4a03-a401-3aa0917e3c52\" href=\"https:\/\/lgd.com.pl\/archiwum24\/wp-content\/uploads\/2024\/02\/uchwala-nr-1-Walnego.doc\">projekt uchwa\u0142y nr 1 Walnego Zebrania Cz\u0142onk\u00f3w LGD przyj\u0119cie sprawozdania<\/a><a href=\"https:\/\/lgd.com.pl\/archiwum24\/wp-content\/uploads\/2024\/02\/uchwala-nr-1-Walnego.doc\" class=\"wp-block-file__button wp-element-button\" download aria-describedby=\"wp-block-file--media-427e2a73-ba78-4a03-a401-3aa0917e3c52\">Pobierz<\/a><\/div>\n\n\n\n<div class=\"wp-block-file\"><a id=\"wp-block-file--media-fdc490a9-e899-4299-b34f-e999c58233bf\" href=\"https:\/\/lgd.com.pl\/archiwum24\/wp-content\/uploads\/2024\/02\/uchwala-nr-2-Walnego.doc\">projekt uchwa\u0142y nr 2 Walnego Zebrania Cz\u0142onk\u00f3w LGD udzielenie absolutorium<\/a><a href=\"https:\/\/lgd.com.pl\/archiwum24\/wp-content\/uploads\/2024\/02\/uchwala-nr-2-Walnego.doc\" class=\"wp-block-file__button wp-element-button\" download aria-describedby=\"wp-block-file--media-fdc490a9-e899-4299-b34f-e999c58233bf\">Pobierz<\/a><\/div>\n\n\n\n<div class=\"wp-block-file\"><a id=\"wp-block-file--media-1be7a2ce-7130-4dc4-925f-7fec297db659\" href=\"https:\/\/lgd.com.pl\/archiwum24\/wp-content\/uploads\/2024\/02\/uchwala-nr-3-wybor-zarzad.doc\">projekt uchwa\u0142y nr 3 Walnego Zebrania Cz\u0142onk\u00f3w LGD<\/a><a href=\"https:\/\/lgd.com.pl\/archiwum24\/wp-content\/uploads\/2024\/02\/uchwala-nr-3-wybor-zarzad.doc\" class=\"wp-block-file__button wp-element-button\" download aria-describedby=\"wp-block-file--media-1be7a2ce-7130-4dc4-925f-7fec297db659\">Pobierz<\/a><\/div>\n\n\n\n<div class=\"wp-block-file\"><a id=\"wp-block-file--media-cb138a56-d11f-4841-ab50-fb4b2300bee2\" href=\"https:\/\/lgd.com.pl\/archiwum24\/wp-content\/uploads\/2024\/02\/uchwala-nr-4-wybor-zarzad.doc\">projekt uchwa\u0142y nr 4 Walnego Zebrania Cz\u0142onk\u00f3w LGD Zarz\u0105d<\/a><a href=\"https:\/\/lgd.com.pl\/archiwum24\/wp-content\/uploads\/2024\/02\/uchwala-nr-4-wybor-zarzad.doc\" class=\"wp-block-file__button wp-element-button\" download aria-describedby=\"wp-block-file--media-cb138a56-d11f-4841-ab50-fb4b2300bee2\">Pobierz<\/a><\/div>\n\n\n\n<div class=\"wp-block-file\"><a id=\"wp-block-file--media-229a4ab6-fe13-4d94-976d-6619ccbb0cb8\" href=\"https:\/\/lgd.com.pl\/archiwum24\/wp-content\/uploads\/2024\/02\/uchwala-nr-5-wybor-komisja.docx\">projekt uchwa\u0142y nr 5 Walnego Zebrania Cz\u0142onk\u00f3w LGD Komisja Rewizyjna<\/a><a href=\"https:\/\/lgd.com.pl\/archiwum24\/wp-content\/uploads\/2024\/02\/uchwala-nr-5-wybor-komisja.docx\" class=\"wp-block-file__button wp-element-button\" download aria-describedby=\"wp-block-file--media-229a4ab6-fe13-4d94-976d-6619ccbb0cb8\">Pobierz<\/a><\/div>\n\n\n\n<div class=\"wp-block-file\"><a id=\"wp-block-file--media-5fd9a7b8-a045-418b-8140-454157a93b8a\" href=\"https:\/\/lgd.com.pl\/archiwum24\/wp-content\/uploads\/2023\/05\/projekt-uchwala-zmiana-lsr-2016-2023.doc\">Projekt uchwa\u0142y dotycz\u0105cej zmiany LSR na lata 2016-2023<\/a><a href=\"https:\/\/lgd.com.pl\/archiwum24\/wp-content\/uploads\/2023\/05\/projekt-uchwala-zmiana-lsr-2016-2023.doc\" class=\"wp-block-file__button wp-element-button\" download aria-describedby=\"wp-block-file--media-5fd9a7b8-a045-418b-8140-454157a93b8a\">Pobierz<\/a><\/div>\n\n\n\n<div class=\"wp-block-file\"><a id=\"wp-block-file--media-56e7f036-13ab-49bf-a79f-208a8f853eb3\" href=\"https:\/\/lgd.com.pl\/archiwum24\/wp-content\/uploads\/2023\/05\/projekt-strategia-zatwierdzenie.doc\">Projekt uchwa\u0142y dotycz\u0105cy zatwierdzenia LSR na lata 2024-2029<\/a><a href=\"https:\/\/lgd.com.pl\/archiwum24\/wp-content\/uploads\/2023\/05\/projekt-strategia-zatwierdzenie.doc\" class=\"wp-block-file__button wp-element-button\" download aria-describedby=\"wp-block-file--media-56e7f036-13ab-49bf-a79f-208a8f853eb3\">Pobierz<\/a><\/div>\n\n\n\n<div class=\"wp-block-file\"><a id=\"wp-block-file--media-bd1b17e0-16c0-4cfc-ab29-e0c3337cf5ed\" href=\"https:\/\/lgd.com.pl\/archiwum24\/wp-content\/uploads\/2023\/05\/Lgd-uchwala-zmiana-statutu-walne-26.05.2023.doc\">Projekt uchwa\u0142y dotycz\u0105cy zmian w statucie LGD<\/a><a href=\"https:\/\/lgd.com.pl\/archiwum24\/wp-content\/uploads\/2023\/05\/Lgd-uchwala-zmiana-statutu-walne-26.05.2023.doc\" class=\"wp-block-file__button wp-element-button\" download aria-describedby=\"wp-block-file--media-bd1b17e0-16c0-4cfc-ab29-e0c3337cf5ed\">Pobierz<\/a><\/div>\n\n\n\n<div class=\"wp-block-file\"><a id=\"wp-block-file--media-512c36c7-6d7e-460a-89dc-9ac3d9747747\" href=\"https:\/\/lgd.com.pl\/archiwum24\/wp-content\/uploads\/2023\/05\/uchwala-nr-4-kredyt.doc\">Projekt uchwa\u0142y dotycz\u0105cej zaci\u0105gni\u0119cia zobowi\u0105zania finansowego<\/a><a href=\"https:\/\/lgd.com.pl\/archiwum24\/wp-content\/uploads\/2023\/05\/uchwala-nr-4-kredyt.doc\" class=\"wp-block-file__button wp-element-button\" download aria-describedby=\"wp-block-file--media-512c36c7-6d7e-460a-89dc-9ac3d9747747\">Pobierz<\/a><\/div>\n\n\n\n<div class=\"wp-block-file\"><a id=\"wp-block-file--media-5f8173e3-82a9-41c5-877b-7c0e4ccf8a8f\" href=\"https:\/\/lgd.com.pl\/archiwum24\/wp-content\/uploads\/2023\/05\/uchwala-nr-5-diety.doc\">Projekt uchwa\u0142y dotycz\u0105cy diet organ\u00f3w LGD<\/a><a href=\"https:\/\/lgd.com.pl\/archiwum24\/wp-content\/uploads\/2023\/05\/uchwala-nr-5-diety.doc\" class=\"wp-block-file__button wp-element-button\" download aria-describedby=\"wp-block-file--media-5f8173e3-82a9-41c5-877b-7c0e4ccf8a8f\">Pobierz<\/a><\/div>\n","protected":false},"excerpt":{"rendered":"<p>Zarz\u0105d Stowarzyszenia LGD \u201eRazem dla Powiatu Radziejowskiego\u201d wybrany na posiedzeniu Walnego Zebrania Cz\u0142onk\u00f3w w dniu 28 lutego 2024 r.: 1. Stefan \u015apibida \u2013 prezes2. Wojciech Kotarski \u2013 wiceprezes3. Agnieszka Zawidzka \u2013 sekretarz4. Kazimierz \u015awi\u0105tczak \u2013 skarbnik5. Joanna Kosi\u0144ska &#8211; cz\u0142onek Zarz\u0105du6. El\u017cbieta Polak \u2013 cz\u0142onek Zarz\u0105du7. S\u0142awomir Staniszewski &#8211; cz\u0142onek Zarz\u0105du Projekty uchwa\u0142 Zarz\u0105du na [&hellip;]<\/p>\n","protected":false},"author":1,"featured_media":0,"parent":0,"menu_order":0,"comment_status":"closed","ping_status":"closed","template":"","meta":{"footnotes":""},"_links":{"self":[{"href":"https:\/\/lgd.com.pl\/archiwum24\/wp-json\/wp\/v2\/pages\/796"}],"collection":[{"href":"https:\/\/lgd.com.pl\/archiwum24\/wp-json\/wp\/v2\/pages"}],"about":[{"href":"https:\/\/lgd.com.pl\/archiwum24\/wp-json\/wp\/v2\/types\/page"}],"author":[{"embeddable":true,"href":"https:\/\/lgd.com.pl\/archiwum24\/wp-json\/wp\/v2\/users\/1"}],"replies":[{"embeddable":true,"href":"https:\/\/lgd.com.pl\/archiwum24\/wp-json\/wp\/v2\/comments?post=796"}],"version-history":[{"count":7,"href":"https:\/\/lgd.com.pl\/archiwum24\/wp-json\/wp\/v2\/pages\/796\/revisions"}],"predecessor-version":[{"id":6424,"href":"https:\/\/lgd.com.pl\/archiwum24\/wp-json\/wp\/v2\/pages\/796\/revisions\/6424"}],"wp:attachment":[{"href":"https:\/\/lgd.com.pl\/archiwum24\/wp-json\/wp\/v2\/media?parent=796"}],"curies":[{"name":"wp","href":"https:\/\/api.w.org\/{rel}","templated":true}]}}